{"id":252,"date":"2024-09-29T11:00:16","date_gmt":"2024-09-29T11:00:16","guid":{"rendered":"https:\/\/gabinetetecnico.eu\/?page_id=252"},"modified":"2024-10-03T07:09:11","modified_gmt":"2024-10-03T07:09:11","slug":"who-we-are","status":"publish","type":"page","link":"https:\/\/gabinetetecnico.eu\/en\/who-we-are\/","title":{"rendered":"Who We Are"},"content":{"rendered":"<div data-elementor-type=\"wp-page\" data-elementor-id=\"252\" class=\"elementor elementor-252\">\n\t\t\t\t\t\t<section class=\"elementor-section elementor-top-section elementor-element elementor-element-e3fddcc elementor-section-full_width elementor-section-height-default elementor-section-height-default\" data-id=\"e3fddcc\" data-element_type=\"section\" data-settings=\"{&quot;background_background&quot;:&quot;classic&quot;}\">\n\t\t\t\t\t\t\t<div class=\"elementor-background-overlay\"><\/div>\n\t\t\t\t\t\t\t<div class=\"elementor-container elementor-column-gap-no\">\n\t\t\t\t\t<div class=\"elementor-column elementor-col-100 elementor-top-column elementor-element elementor-element-b00c168\" data-id=\"b00c168\" data-element_type=\"column\">\n\t\t\t<div class=\"elementor-widget-wrap elementor-element-populated\">\n\t\t\t\t\t\t<section class=\"elementor-section elementor-inner-section elementor-element elementor-element-7344fe4 elementor-section-boxed elementor-section-height-default elementor-section-height-default\" data-id=\"7344fe4\" data-element_type=\"section\" data-settings=\"{&quot;background_background&quot;:&quot;classic&quot;}\">\n\t\t\t\t\t\t<div class=\"elementor-container elementor-column-gap-default\">\n\t\t\t\t\t<div class=\"elementor-column elementor-col-100 elementor-inner-column elementor-element elementor-element-ddea443\" data-id=\"ddea443\" data-element_type=\"column\">\n\t\t\t<div class=\"elementor-widget-wrap elementor-element-populated\">\n\t\t\t\t\t\t<section class=\"elementor-section elementor-inner-section elementor-element elementor-element-3ed1380 jkit-sticky-element--enabled jkit-sticky-position--fixed jkit-sticky-element--hide-on-scroll elementor-section-boxed elementor-section-height-default elementor-section-height-default jkit-sticky-element-on--down\" data-id=\"3ed1380\" data-element_type=\"section\" data-settings=\"{&quot;jkit_sticky_device&quot;:&quot;desktop&quot;,&quot;jkit_sticky_top_position&quot;:{&quot;unit&quot;:&quot;px&quot;,&quot;size&quot;:0,&quot;sizes&quot;:[]}}\">\n\t\t\t\t\t\t<div class=\"elementor-container elementor-column-gap-no\">\n\t\t\t\t\t<div class=\"elementor-column elementor-col-25 elementor-inner-column elementor-element elementor-element-06d2930\" data-id=\"06d2930\" data-element_type=\"column\">\n\t\t\t<div class=\"elementor-widget-wrap elementor-element-populated\">\n\t\t\t\t\t\t<div class=\"elementor-element elementor-element-b3b7311 elementor-widget elementor-widget-image\" data-id=\"b3b7311\" data-element_type=\"widget\" data-widget_type=\"image.default\">\n\t\t\t\t<div class=\"elementor-widget-container\">\n\t\t\t\t\t\t\t\t\t\t\t\t\t<img decoding=\"async\" width=\"300\" height=\"100\" src=\"https:\/\/gabinetetecnico.eu\/wp-content\/uploads\/2024\/10\/Untitled-design-6.png\" class=\"attachment-full size-full wp-image-654\" alt=\"\" srcset=\"https:\/\/gabinetetecnico.eu\/wp-content\/uploads\/2024\/10\/Untitled-design-6.png 300w, https:\/\/gabinetetecnico.eu\/wp-content\/uploads\/2024\/10\/Untitled-design-6-18x6.png 18w\" sizes=\"(max-width: 300px) 100vw, 300px\" \/>\t\t\t\t\t\t\t\t\t\t\t\t\t<\/div>\n\t\t\t\t<\/div>\n\t\t\t\t\t<\/div>\n\t\t<\/div>\n\t\t\t\t<div class=\"elementor-column elementor-col-25 elementor-inner-column elementor-element elementor-element-98df225\" data-id=\"98df225\" data-element_type=\"column\">\n\t\t\t<div class=\"elementor-widget-wrap elementor-element-populated\">\n\t\t\t\t\t\t<div class=\"elementor-element elementor-element-c6b549d elementor-widget__width-auto elementor-widget elementor-widget-jkit_nav_menu\" data-id=\"c6b549d\" data-element_type=\"widget\" data-settings=\"{&quot;st_submenu_item_text_normal_bg_background_background&quot;:&quot;classic&quot;,&quot;st_menu_item_text_normal_bg_background_background&quot;:&quot;classic&quot;}\" data-widget_type=\"jkit_nav_menu.default\">\n\t\t\t\t<div class=\"elementor-widget-container\">\n\t\t\t<div  class=\"jeg-elementor-kit jkit-nav-menu break-point-tablet submenu-click-title jeg_module___69f2f975f1494\"  data-item-indicator=\"&lt;i aria-hidden=&quot;true&quot; class=&quot;jki jki-down-arrow1-light&quot;&gt;&lt;\/i&gt;\"><button aria-label=\"open-menu\" class=\"jkit-hamburger-menu\"><i aria-hidden=\"true\" class=\"jki jki-grip-lines-solid\"><\/i><\/button>\n        <div class=\"jkit-menu-wrapper\"><div class=\"jkit-menu-container\"><ul id=\"menu-header\" class=\"jkit-menu jkit-menu-direction-flex jkit-submenu-position-top\"><li id=\"menu-item-480\" class=\"menu-item menu-item-type-post_type menu-item-object-page menu-item-home menu-item-480\"><a href=\"https:\/\/gabinetetecnico.eu\/en\/\">Home<\/a><\/li>\n<li id=\"menu-item-483\" class=\"menu-item menu-item-type-post_type menu-item-object-page menu-item-483\"><a href=\"https:\/\/gabinetetecnico.eu\/en\/who-we-are\/\">Who We Are<\/a><\/li>\n<li id=\"menu-item-482\" class=\"menu-item menu-item-type-post_type menu-item-object-page menu-item-has-children menu-item-482\"><a href=\"https:\/\/gabinetetecnico.eu\/en\/our-services\/\">Services<\/a>\n<ul class=\"sub-menu\">\n\t<li id=\"menu-item-484\" class=\"menu-item menu-item-type-custom menu-item-object-custom menu-item-484\"><a href=\"https:\/\/gabinetetecnico.eu\/en\/our-services\/#accounting\">Accounting<\/a><\/li>\n\t<li id=\"menu-item-485\" class=\"menu-item menu-item-type-custom menu-item-object-custom menu-item-485\"><a href=\"https:\/\/gabinetetecnico.eu\/en\/our-services\/#taxation\">Taxation<\/a><\/li>\n\t<li id=\"menu-item-486\" class=\"menu-item menu-item-type-custom menu-item-object-custom menu-item-486\"><a href=\"https:\/\/gabinetetecnico.eu\/en\/our-services\/#consulting\">Consulting<\/a><\/li>\n\t<li id=\"menu-item-487\" class=\"menu-item menu-item-type-custom menu-item-object-custom menu-item-487\"><a href=\"https:\/\/gabinetetecnico.eu\/en\/our-services\/#hr\">Human Resources<\/a><\/li>\n<\/ul>\n<\/li>\n<li id=\"menu-item-481\" class=\"menu-item menu-item-type-post_type menu-item-object-page menu-item-481\"><a href=\"https:\/\/gabinetetecnico.eu\/en\/contact-us\/\">Contact Us<\/a><\/li>\n<\/ul><\/div>\n            <div class=\"jkit-nav-identity-panel\">\n                <div class=\"jkit-nav-site-title\"><a href=\"https:\/\/gabinetetecnico.eu\/en\" class=\"jkit-nav-logo\" aria-label=\"Home Link\"><img fetchpriority=\"high\" decoding=\"async\" width=\"1186\" height=\"346\" src=\"https:\/\/gabinetetecnico.eu\/wp-content\/uploads\/2024\/09\/bc-logo-2.png\" class=\"attachment-full size-full\" alt=\"\" srcset=\"https:\/\/gabinetetecnico.eu\/wp-content\/uploads\/2024\/09\/bc-logo-2.png 1186w, https:\/\/gabinetetecnico.eu\/wp-content\/uploads\/2024\/09\/bc-logo-2-300x88.png 300w, https:\/\/gabinetetecnico.eu\/wp-content\/uploads\/2024\/09\/bc-logo-2-1024x299.png 1024w, https:\/\/gabinetetecnico.eu\/wp-content\/uploads\/2024\/09\/bc-logo-2-768x224.png 768w\" sizes=\"(max-width: 1186px) 100vw, 1186px\" \/><\/a><\/div>\n                <button aria-label=\"close-menu\" class=\"jkit-close-menu\"><i aria-hidden=\"true\" class=\"jki jki-times-solid\"><\/i><\/button>\n            <\/div>\n        <\/div>\n        <div class=\"jkit-overlay\"><\/div><\/div>\t\t<\/div>\n\t\t\t\t<\/div>\n\t\t\t\t\t<\/div>\n\t\t<\/div>\n\t\t\t\t<div class=\"elementor-column elementor-col-50 elementor-inner-column elementor-element elementor-element-e469197 elementor-hidden-tablet elementor-hidden-mobile\" data-id=\"e469197\" data-element_type=\"column\">\n\t\t\t<div class=\"elementor-widget-wrap elementor-element-populated\">\n\t\t\t\t\t\t<div class=\"elementor-element elementor-element-23e68e0 elementor-widget__width-auto jkit-equal-height-disable elementor-widget elementor-widget-jkit_icon_box\" data-id=\"23e68e0\" data-element_type=\"widget\" data-widget_type=\"jkit_icon_box.default\">\n\t\t\t\t<div class=\"elementor-widget-container\">\n\t\t\t<div  class=\"jeg-elementor-kit jkit-icon-box icon-position-right elementor-animation- jeg_module__1_69f2f97609d4b\" ><a href=\"mailto:geral@gabinetetecnico.eu \" class=\"icon-box-link\" aria-label=\"Learn More\"><div class=\"jkit-icon-box-wrapper hover-from-left\"><div class=\"icon-box icon-box-header elementor-animation-\"><div class=\"icon style-color\"><svg viewbox=\"0 0 512 512\" xmlns=\"http:\/\/www.w3.org\/2000\/svg\"><path d=\"M502.3 190.8c3.9-3.1 9.7-.2 9.7 4.7V400c0 26.5-21.5 48-48 48H48c-26.5 0-48-21.5-48-48V195.6c0-5 5.7-7.8 9.7-4.7 22.4 17.4 52.1 39.5 154.1 113.6 21.1 15.4 56.7 47.8 92.2 47.6 35.7.3 72-32.8 92.3-47.6 102-74.1 131.6-96.3 154-113.7zM256 320c23.2.4 56.6-29.2 73.4-41.4 132.7-96.3 142.8-104.7 173.4-128.7 5.8-4.5 9.2-11.5 9.2-18.9v-19c0-26.5-21.5-48-48-48H48C21.5 64 0 85.5 0 112v19c0 7.4 3.4 14.3 9.2 18.9 30.6 23.9 40.7 32.4 173.4 128.7 16.8 12.2 50.2 41.8 73.4 41.4z\"><\/path><\/svg><\/div><\/div><div class=\"icon-box icon-box-body\">\n                <h6 class=\"title\">Let's Talk<\/h6>\n            <\/div>\n            \n            <\/div><\/a><\/div>\t\t<\/div>\n\t\t\t\t<\/div>\n\t\t\t\t\t<\/div>\n\t\t<\/div>\n\t\t\t\t\t<\/div>\n\t\t<\/section>\n\t\t\t\t\t<\/div>\n\t\t<\/div>\n\t\t\t\t\t<\/div>\n\t\t<\/section>\n\t\t\t\t\t<\/div>\n\t\t<\/div>\n\t\t\t\t\t<\/div>\n\t\t<\/section>\n\t\t<div class=\"elementor-element elementor-element-73371c1 e-flex e-con-boxed e-con e-parent\" data-id=\"73371c1\" data-element_type=\"container\" data-settings=\"{&quot;background_background&quot;:&quot;classic&quot;}\">\n\t\t\t\t\t<div class=\"e-con-inner\">\n\t\t\t\t<div class=\"elementor-element elementor-element-1fef8cf elementor-widget elementor-widget-jkit_heading\" data-id=\"1fef8cf\" data-element_type=\"widget\" data-widget_type=\"jkit_heading.default\">\n\t\t\t\t<div class=\"elementor-widget-container\">\n\t\t\t<div  class=\"jeg-elementor-kit jkit-heading  align- align-tablet- align-mobile- jeg_module__2_69f2f9760ad38\" ><div class=\"heading-section-title  display-inline-block\"><h2 class=\"heading-title\">Who <span class=\"style-color\"><span>we are<\/span><\/span><\/h2><\/div><div class=\"heading-section-separator\"><div class=\"separator-wrapper style-dotted\"><\/div><\/div><\/div>\t\t<\/div>\n\t\t\t\t<\/div>\n\t\t<div class=\"elementor-element elementor-element-9adfb29 e-con-full e-flex e-con e-child\" data-id=\"9adfb29\" data-element_type=\"container\">\n\t\t<div class=\"elementor-element elementor-element-73ffdb8 e-con-full e-flex e-con e-child\" data-id=\"73ffdb8\" data-element_type=\"container\">\n\t\t\t\t<div class=\"elementor-element elementor-element-800e3f8 elementor-widget elementor-widget-jkit_heading\" data-id=\"800e3f8\" data-element_type=\"widget\" data-widget_type=\"jkit_heading.default\">\n\t\t\t\t<div class=\"elementor-widget-container\">\n\t\t\t<div  class=\"jeg-elementor-kit jkit-heading  align- align-tablet- align-mobile- jeg_module__3_69f2f9760bb52\" ><div class=\"heading-section-title  display-inline-block\"><h6 class=\"heading-title\">GTSG (Gabinete T\u00e9cnico S. Gon\u00e7alo)<\/h6><\/div><h3 class=\"heading-section-subtitle border-enable style-color\">Supporting your business since 1989<\/h3><\/div>\t\t<\/div>\n\t\t\t\t<\/div>\n\t\t\t\t<div class=\"elementor-element elementor-element-0aea1d2 elementor-widget elementor-widget-text-editor\" data-id=\"0aea1d2\" data-element_type=\"widget\" data-widget_type=\"text-editor.default\">\n\t\t\t\t<div class=\"elementor-widget-container\">\n\t\t\t\t\t\t\t<p>Its founders \u2013 Jos\u00e9 Fernando Rodrigues Alves Pinto and Jos\u00e9 Pedro de Lemos Alves Pinto \u2013 continue to lead the company with the enthusiasm and confidence of the first hour, joyfully facing the company's mission, which is to provide excellence in the area of accounting and management support.<\/p><p>We strive to be different. Treating clients as people, as friends, as individuals we cherish and with whom we want to share difficulties and successes.<\/p><p>We strive to be different. We have our traditional clientele and respond to various market niches that share our values and principles, advocating for fundamental values of our civilization: seriousness, respect, work, quality, independence, and freedom.<\/p><p>We strive to be different. We are always open to change. We are aware that the future is shaped by change, and only through change can we propel society toward sustainable development.<\/p><p>We strive to be different. We study and work hard. We maintain a team of highly competent professionals with a focus on interpersonal relationships. We are ready to meet the challenges of our time and our land.<\/p><p>With a strong, experienced, and multidisciplinary team of 10 professionals in the fields of Economics, Taxation, and Accounting, we are convinced that we can add value to any organization that seeks our services.<\/p>\t\t\t\t\t\t<\/div>\n\t\t\t\t<\/div>\n\t\t\t\t<div class=\"elementor-element elementor-element-5f0c6ab elementor-widget__width-auto elementor-widget elementor-widget-jkit_button\" data-id=\"5f0c6ab\" data-element_type=\"widget\" data-widget_type=\"jkit_button.default\">\n\t\t\t\t<div class=\"elementor-widget-container\">\n\t\t\t<div  class=\"jeg-elementor-kit jkit-button  icon-position-after jeg_module__4_69f2f9760c502\" ><a href=\"https:\/\/gabinetetecnico.eu\/en\/contact-us\/\" class=\"jkit-button-wrapper\">Request Service<\/a><\/div>\t\t<\/div>\n\t\t\t\t<\/div>\n\t\t\t\t<\/div>\n\t\t<div class=\"elementor-element elementor-element-c1ad442 e-con-full e-flex e-con e-child\" data-id=\"c1ad442\" data-element_type=\"container\" data-settings=\"{&quot;background_background&quot;:&quot;classic&quot;}\">\n\t\t\t\t<\/div>\n\t\t\t\t<\/div>\n\t\t\t\t\t<\/div>\n\t\t\t\t<\/div>\n\t\t\t\t<\/div>","protected":false},"excerpt":{"rendered":"<p>In\u00edcio Quem somos Servi\u00e7os Contabilidade Fiscalidade Consultoria Recursos Humanos Contacte-nos Vamos Conversar Quem somos O GTSG (Gabinete T\u00e9cnico S. Gon\u00e7alo) Apoiando o seu neg\u00f3cio desde 1989 Os seus fundadores \u2013 Jos\u00e9 Fernando Rodrigues Alves Pinto e Jos\u00e9 Pedro de Lemos Alves Pinto \u2013 continuam a liderar a empresa com o entusiasmo e a confian\u00e7a da [&hellip;]<\/p>","protected":false},"author":1,"featured_media":0,"parent":0,"menu_order":0,"comment_status":"closed","ping_status":"closed","template":"","meta":{"footnotes":""},"class_list":["post-252","page","type-page","status-publish","hentry"],"_links":{"self":[{"href":"https:\/\/gabinetetecnico.eu\/en\/wp-json\/wp\/v2\/pages\/252","targetHints":{"allow":["GET"]}}],"collection":[{"href":"https:\/\/gabinetetecnico.eu\/en\/wp-json\/wp\/v2\/pages"}],"about":[{"href":"https:\/\/gabinetetecnico.eu\/en\/wp-json\/wp\/v2\/types\/page"}],"author":[{"embeddable":true,"href":"https:\/\/gabinetetecnico.eu\/en\/wp-json\/wp\/v2\/users\/1"}],"replies":[{"embeddable":true,"href":"https:\/\/gabinetetecnico.eu\/en\/wp-json\/wp\/v2\/comments?post=252"}],"version-history":[{"count":47,"href":"https:\/\/gabinetetecnico.eu\/en\/wp-json\/wp\/v2\/pages\/252\/revisions"}],"predecessor-version":[{"id":799,"href":"https:\/\/gabinetetecnico.eu\/en\/wp-json\/wp\/v2\/pages\/252\/revisions\/799"}],"wp:attachment":[{"href":"https:\/\/gabinetetecnico.eu\/en\/wp-json\/wp\/v2\/media?parent=252"}],"curies":[{"name":"wp","href":"https:\/\/api.w.org\/{rel}","templated":true}]}}